{"id":51,"date":"2023-01-25T12:18:14","date_gmt":"2023-01-25T12:18:14","guid":{"rendered":"https:\/\/lepetitpatisserie.at\/?page_id=51"},"modified":"2023-04-05T11:54:08","modified_gmt":"2023-04-05T11:54:08","slug":"impressum","status":"publish","type":"page","link":"https:\/\/lepetitpatisserie.at\/?page_id=51","title":{"rendered":"Impressum"},"content":{"rendered":"\n<p>Inhaberin:<\/p>\n\n\n\n<p>Mst.in Sophie Hirschegger <br>Hauptstra\u00dfe 61<br>2651 Reichenau<br>info@lepetitpatisserie.at<br>www.lepetitpatisserie.at<br>0664 547 86 82<\/p>\n\n\n\n<p>Rechtsform: Einzelunternehmen<\/p>\n\n\n\n<p>Kammerzugeh\u00f6rigkeit: WKO N\u00d6 <\/p>\n\n\n\n<p>Gerichtsstand: Landesgericht Wr. Neustadt<\/p>\n\n\n\n<hr class=\"wp-block-separator has-alpha-channel-opacity\"\/>\n\n\n\n<p><a rel=\"noreferrer noopener\" href=\"https:\/\/lepetitpatisserie.at\/?page_id=129\" target=\"_blank\"><strong>Datenschutzerkl\u00e4rung &#8211;&gt;&gt; Link<\/strong><\/a><\/p>\n","protected":false},"excerpt":{"rendered":"<p>Inhaberin: Mst.in Sophie Hirschegger Hauptstra\u00dfe 612651 Reichenauinfo@lepetitpatisserie.atwww.lepetitpatisserie.at0664 547 86 82 Rechtsform: Einzelunternehmen Kammerzugeh\u00f6rigkeit: WKO N\u00d6 Gerichtsstand: Landesgericht Wr. Neustadt Datenschutzerkl\u00e4rung &#8211;&gt;&gt; Link<\/p>\n","protected":false},"author":3,"featured_media":0,"parent":0,"menu_order":0,"comment_status":"closed","ping_status":"closed","template":"","meta":{"footnotes":""},"class_list":["post-51","page","type-page","status-publish","hentry","latest_post"],"_links":{"self":[{"href":"https:\/\/lepetitpatisserie.at\/index.php?rest_route=\/wp\/v2\/pages\/51","targetHints":{"allow":["GET"]}}],"collection":[{"href":"https:\/\/lepetitpatisserie.at\/index.php?rest_route=\/wp\/v2\/pages"}],"about":[{"href":"https:\/\/lepetitpatisserie.at\/index.php?rest_route=\/wp\/v2\/types\/page"}],"author":[{"embeddable":true,"href":"https:\/\/lepetitpatisserie.at\/index.php?rest_route=\/wp\/v2\/users\/3"}],"replies":[{"embeddable":true,"href":"https:\/\/lepetitpatisserie.at\/index.php?rest_route=%2Fwp%2Fv2%2Fcomments&post=51"}],"version-history":[{"count":6,"href":"https:\/\/lepetitpatisserie.at\/index.php?rest_route=\/wp\/v2\/pages\/51\/revisions"}],"predecessor-version":[{"id":153,"href":"https:\/\/lepetitpatisserie.at\/index.php?rest_route=\/wp\/v2\/pages\/51\/revisions\/153"}],"wp:attachment":[{"href":"https:\/\/lepetitpatisserie.at\/index.php?rest_route=%2Fwp%2Fv2%2Fmedia&parent=51"}],"curies":[{"name":"wp","href":"https:\/\/api.w.org\/{rel}","templated":true}]}}