{"id":76,"date":"2023-03-12T17:04:10","date_gmt":"2023-03-12T17:04:10","guid":{"rendered":"https:\/\/lepetitpatisserie.at\/?page_id=76"},"modified":"2024-10-22T11:54:25","modified_gmt":"2024-10-22T11:54:25","slug":"home","status":"publish","type":"page","link":"https:\/\/lepetitpatisserie.at\/","title":{"rendered":"Home"},"content":{"rendered":"\n<p>Die kleine P\u00e2tisserie im Herzen von Reichenau an der Rax l\u00e4dt mit ihrer Auswahl an feinen<br>T\u00f6rtchen, Macarons, Pralinen &amp; besten italienischen Kaffee zum Genie\u00dfen im Caf\u00e9 sowie<br>auch zum Mitnehmen f\u00fcr zuhause ein.<br>Da wir nur eine geringe Anzahl an Sitzpl\u00e4tzen haben k\u00f6nnen Reservierungen ausschlie\u00dflich<br>nur telefonisch entgegengenommen werden.<\/p>\n\n\n\n<figure class=\"wp-block-gallery has-nested-images columns-default is-cropped wp-block-gallery-1 is-layout-flex wp-block-gallery-is-layout-flex\">\n<figure class=\"wp-block-image size-large\"><img loading=\"lazy\" decoding=\"async\" width=\"684\" height=\"1024\" data-id=\"290\" src=\"https:\/\/lepetitpatisserie.at\/wp-content\/uploads\/2024\/10\/PHOTO-2024-10-21-08-44-59-2-684x1024.jpg\" alt=\"\" class=\"wp-image-290\" srcset=\"https:\/\/lepetitpatisserie.at\/wp-content\/uploads\/2024\/10\/PHOTO-2024-10-21-08-44-59-2-684x1024.jpg 684w, https:\/\/lepetitpatisserie.at\/wp-content\/uploads\/2024\/10\/PHOTO-2024-10-21-08-44-59-2-200x300.jpg 200w, https:\/\/lepetitpatisserie.at\/wp-content\/uploads\/2024\/10\/PHOTO-2024-10-21-08-44-59-2-768x1151.jpg 768w, https:\/\/lepetitpatisserie.at\/wp-content\/uploads\/2024\/10\/PHOTO-2024-10-21-08-44-59-2-400x600.jpg 400w, https:\/\/lepetitpatisserie.at\/wp-content\/uploads\/2024\/10\/PHOTO-2024-10-21-08-44-59-2-1025x1536.jpg 1025w, https:\/\/lepetitpatisserie.at\/wp-content\/uploads\/2024\/10\/PHOTO-2024-10-21-08-44-59-2.jpg 1367w\" sizes=\"auto, (max-width: 684px) 100vw, 684px\" \/><\/figure>\n\n\n\n<figure class=\"wp-block-image size-large\"><img loading=\"lazy\" decoding=\"async\" width=\"684\" height=\"1024\" data-id=\"293\" src=\"https:\/\/lepetitpatisserie.at\/wp-content\/uploads\/2024\/10\/PHOTO-2024-10-21-08-45-01-1-684x1024.jpg\" alt=\"\" class=\"wp-image-293\" srcset=\"https:\/\/lepetitpatisserie.at\/wp-content\/uploads\/2024\/10\/PHOTO-2024-10-21-08-45-01-1-684x1024.jpg 684w, https:\/\/lepetitpatisserie.at\/wp-content\/uploads\/2024\/10\/PHOTO-2024-10-21-08-45-01-1-200x300.jpg 200w, https:\/\/lepetitpatisserie.at\/wp-content\/uploads\/2024\/10\/PHOTO-2024-10-21-08-45-01-1-768x1151.jpg 768w, https:\/\/lepetitpatisserie.at\/wp-content\/uploads\/2024\/10\/PHOTO-2024-10-21-08-45-01-1-400x600.jpg 400w, https:\/\/lepetitpatisserie.at\/wp-content\/uploads\/2024\/10\/PHOTO-2024-10-21-08-45-01-1-1025x1536.jpg 1025w, https:\/\/lepetitpatisserie.at\/wp-content\/uploads\/2024\/10\/PHOTO-2024-10-21-08-45-01-1.jpg 1367w\" sizes=\"auto, (max-width: 684px) 100vw, 684px\" \/><\/figure>\n<\/figure>\n\n\n\n<h2 class=\"wp-block-heading\"><\/h2>\n","protected":false},"excerpt":{"rendered":"<p>Die kleine P\u00e2tisserie im Herzen von Reichenau an der Rax l\u00e4dt mit ihrer Auswahl an feinenT\u00f6rtchen, Macarons, Pralinen &amp; besten italienischen Kaffee zum Genie\u00dfen im Caf\u00e9 sowieauch zum Mitnehmen f\u00fcr zuhause ein.Da wir nur eine geringe Anzahl an Sitzpl\u00e4tzen haben k\u00f6nnen Reservierungen ausschlie\u00dflichnur telefonisch entgegengenommen werden.<\/p>\n","protected":false},"author":3,"featured_media":0,"parent":0,"menu_order":0,"comment_status":"closed","ping_status":"closed","template":"","meta":{"footnotes":""},"class_list":["post-76","page","type-page","status-publish","hentry","latest_post"],"_links":{"self":[{"href":"https:\/\/lepetitpatisserie.at\/index.php?rest_route=\/wp\/v2\/pages\/76","targetHints":{"allow":["GET"]}}],"collection":[{"href":"https:\/\/lepetitpatisserie.at\/index.php?rest_route=\/wp\/v2\/pages"}],"about":[{"href":"https:\/\/lepetitpatisserie.at\/index.php?rest_route=\/wp\/v2\/types\/page"}],"author":[{"embeddable":true,"href":"https:\/\/lepetitpatisserie.at\/index.php?rest_route=\/wp\/v2\/users\/3"}],"replies":[{"embeddable":true,"href":"https:\/\/lepetitpatisserie.at\/index.php?rest_route=%2Fwp%2Fv2%2Fcomments&post=76"}],"version-history":[{"count":3,"href":"https:\/\/lepetitpatisserie.at\/index.php?rest_route=\/wp\/v2\/pages\/76\/revisions"}],"predecessor-version":[{"id":294,"href":"https:\/\/lepetitpatisserie.at\/index.php?rest_route=\/wp\/v2\/pages\/76\/revisions\/294"}],"wp:attachment":[{"href":"https:\/\/lepetitpatisserie.at\/index.php?rest_route=%2Fwp%2Fv2%2Fmedia&parent=76"}],"curies":[{"name":"wp","href":"https:\/\/api.w.org\/{rel}","templated":true}]}}